{"id":15,"date":"2025-10-04T10:07:54","date_gmt":"2025-10-04T10:07:54","guid":{"rendered":"https:\/\/tranark.se\/?page_id=15"},"modified":"2026-02-01T18:04:42","modified_gmt":"2026-02-01T18:04:42","slug":"home","status":"publish","type":"page","link":"https:\/\/tranark.se\/","title":{"rendered":"Startsida &#8211; Provisorisk"},"content":{"rendered":"\t\t<div data-elementor-type=\"wp-page\" data-elementor-id=\"15\" class=\"elementor elementor-15\" data-elementor-post-type=\"page\">\n\t\t\t\t<div class=\"elementor-element elementor-element-48f2419 e-flex e-con-boxed e-con e-parent\" data-id=\"48f2419\" data-element_type=\"container\">\n\t\t\t\t\t<div class=\"e-con-inner\">\n\t\t\t\t<div class=\"elementor-element elementor-element-fb749c4 elementor-widget elementor-widget-image\" data-id=\"fb749c4\" data-element_type=\"widget\" data-widget_type=\"image.default\">\n\t\t\t\t\t\t\t\t\t\t\t\t\t\t\t<img fetchpriority=\"high\" decoding=\"async\" width=\"800\" height=\"453\" src=\"https:\/\/tranark.se\/wp-content\/uploads\/2025\/10\/Skarmavbild-2025-10-13-kl.-20.33.55-1-1024x580.png\" class=\"attachment-large size-large wp-image-61\" alt=\"arkitekter\" srcset=\"https:\/\/tranark.se\/wp-content\/uploads\/2025\/10\/Skarmavbild-2025-10-13-kl.-20.33.55-1-1024x580.png 1024w, https:\/\/tranark.se\/wp-content\/uploads\/2025\/10\/Skarmavbild-2025-10-13-kl.-20.33.55-1-300x170.png 300w, https:\/\/tranark.se\/wp-content\/uploads\/2025\/10\/Skarmavbild-2025-10-13-kl.-20.33.55-1-768x435.png 768w, https:\/\/tranark.se\/wp-content\/uploads\/2025\/10\/Skarmavbild-2025-10-13-kl.-20.33.55-1-1536x870.png 1536w, https:\/\/tranark.se\/wp-content\/uploads\/2025\/10\/Skarmavbild-2025-10-13-kl.-20.33.55-1.png 1720w\" sizes=\"(max-width: 800px) 100vw, 800px\" \/>\t\t\t\t\t\t\t\t\t\t\t\t\t\t\t<\/div>\n\t\t\t\t\t<\/div>\n\t\t\t\t<\/div>\n\t\t<div class=\"elementor-element elementor-element-bac83f4 e-flex e-con-boxed e-con e-parent\" data-id=\"bac83f4\" data-element_type=\"container\">\n\t\t\t\t\t<div class=\"e-con-inner\">\n\t\t\t\t<div class=\"elementor-element elementor-element-4e8652c elementor-widget elementor-widget-text-editor\" data-id=\"4e8652c\" data-element_type=\"widget\" data-widget_type=\"text-editor.default\">\n\t\t\t\t\t\t\t\t\t<h2 class=\"p1\">Hemsida under rekonstruktion. Men vi jobbar p\u00e5 som vanligt!<\/h2>\t\t\t\t\t\t\t\t<\/div>\n\t\t\t\t\t<\/div>\n\t\t\t\t<\/div>\n\t\t<div class=\"elementor-element elementor-element-8edbaf8 e-flex e-con-boxed e-con e-parent\" data-id=\"8edbaf8\" data-element_type=\"container\">\n\t\t\t\t\t<div class=\"e-con-inner\">\n\t\t\t\t<div class=\"elementor-element elementor-element-30a81f8 elementor-widget elementor-widget-text-editor\" data-id=\"30a81f8\" data-element_type=\"widget\" data-widget_type=\"text-editor.default\">\n\t\t\t\t\t\t\t\t\t<p class=\"p1\">Beh\u00f6ver du hj\u00e4lp, tveka inte att kontakta oss enligt nedan.<\/p>\t\t\t\t\t\t\t\t<\/div>\n\t\t\t\t<div class=\"elementor-element elementor-element-cfb9aaa elementor-widget-divider--view-line elementor-widget elementor-widget-divider\" data-id=\"cfb9aaa\" data-element_type=\"widget\" data-widget_type=\"divider.default\">\n\t\t\t\t\t\t\t<div class=\"elementor-divider\">\n\t\t\t<span class=\"elementor-divider-separator\">\n\t\t\t\t\t\t<\/span>\n\t\t<\/div>\n\t\t\t\t\t\t<\/div>\n\t\t\t\t\t<\/div>\n\t\t\t\t<\/div>\n\t\t<div class=\"elementor-element elementor-element-fa63cc6 e-flex e-con-boxed e-con e-parent\" data-id=\"fa63cc6\" data-element_type=\"container\">\n\t\t\t\t\t<div class=\"e-con-inner\">\n\t\t\t\t<div class=\"elementor-element elementor-element-a1e69f4 elementor-widget elementor-widget-html\" data-id=\"a1e69f4\" data-element_type=\"widget\" data-widget_type=\"html.default\">\n\t\t\t\t\t<div style=\"display: flex; justify-content: space-between; align-items: flex-start; gap: 20px; flex-wrap: wrap;\">\n  \n  <div style=\"flex: 1; min-width: 200px; text-align: center;\">\n    <h3 style=\"margin: 0 0 10px 0; font-size: 24px; font-weight: 400;\">Jeanette Ragneby<\/h3>\n    <a href=\"mailto:jeanette@tranark.se\" style=\"color: #0066cc; text-decoration: underline; font-size: 18px; display: block; margin-bottom: 5px;\">jeanette@tranark.se<\/a>\n    <a href=\"tel:0706261474\" style=\"color: #000; text-decoration: none; font-size: 18px;\">0706-261474<\/a>\n  <\/div>\n  \n  <div style=\"flex: 1; min-width: 200px; text-align: center;\">\n    <h3 style=\"margin: 0 0 10px 0; font-size: 24px; font-weight: 400;\">Sandra Andersson<\/h3>\n    <a href=\"mailto:sandra.andersson@tranark.se\" style=\"color: #0066cc; text-decoration: underline; font-size: 18px; display: block; margin-bottom: 5px;\">sandra.andersson@tranark.se<\/a>\n    <a href=\"tel:0725048905\" style=\"color: #000; text-decoration: none; font-size: 18px;\">0725-048905<\/a>\n  <\/div>\n  \n  <div style=\"flex: 1; min-width: 200px; text-align: center;\">\n    <h3 style=\"margin: 0 0 10px 0; font-size: 24px; font-weight: 400;\">Peter Berggren<\/h3>\n    <a href=\"mailto:peter@tranark.se\" style=\"color: #0066cc; text-decoration: underline; font-size: 18px; display: block; margin-bottom: 5px;\">peter@tranark.se<\/a>\n    <a href=\"tel:0725048903\" style=\"color: #000; text-decoration: none; font-size: 18px;\">0725-048903<\/a>\n  <\/div>\n  \n  <div style=\"flex: 1; min-width: 200px; text-align: center;\">\n    <h3 style=\"margin: 0 0 10px 0; font-size: 24px; font-weight: 400;\">V\u00e4xel<\/h3>\n    <a href=\"tel:014016000\" style=\"color: #000; text-decoration: none; font-size: 18px;\">0140-16250<\/a>\n    <br>\n    <a href=\"mailto:info@tranark.se\" style=\"color: #0066cc; text-decoration: underline; font-size: 18px; display: block; margin-bottom: 5px;\"\">info@tranark.se<\/a>\n    \n    <h4 style=\"color: #000; text-decoration: none; font-size: 14px;\">Org.nr: 559533-0456<\/h4>\n  <\/div>\n  \n<\/div>\t\t\t\t<\/div>\n\t\t\t\t\t<\/div>\n\t\t\t\t<\/div>\n\t\t<div class=\"elementor-element elementor-element-8fedc01 e-flex e-con-boxed e-con e-parent\" data-id=\"8fedc01\" data-element_type=\"container\">\n\t\t\t\t\t<div class=\"e-con-inner\">\n\t\t\t\t<div class=\"elementor-element elementor-element-27daf04 elementor-widget-divider--view-line elementor-widget elementor-widget-divider\" data-id=\"27daf04\" data-element_type=\"widget\" data-widget_type=\"divider.default\">\n\t\t\t\t\t\t\t<div class=\"elementor-divider\">\n\t\t\t<span class=\"elementor-divider-separator\">\n\t\t\t\t\t\t<\/span>\n\t\t<\/div>\n\t\t\t\t\t\t<\/div>\n\t\t\t\t\t<\/div>\n\t\t\t\t<\/div>\n\t\t<div class=\"elementor-element elementor-element-771211e e-flex e-con-boxed e-con e-parent\" data-id=\"771211e\" data-element_type=\"container\">\n\t\t\t\t\t<div class=\"e-con-inner\">\n\t\t\t\t<div class=\"elementor-element elementor-element-825758d elementor-widget elementor-widget-spacer\" data-id=\"825758d\" data-element_type=\"widget\" data-widget_type=\"spacer.default\">\n\t\t\t\t\t\t\t<div class=\"elementor-spacer\">\n\t\t\t<div class=\"elementor-spacer-inner\"><\/div>\n\t\t<\/div>\n\t\t\t\t\t\t<\/div>\n\t\t\t\t\t<\/div>\n\t\t\t\t<\/div>\n\t\t\t\t<\/div>\n\t\t","protected":false},"excerpt":{"rendered":"<p>Hemsida under rekonstruktion. Men vi jobbar p\u00e5 som vanligt! Beh\u00f6ver du hj\u00e4lp, tveka inte att kontakta oss enligt nedan. Jeanette Ragneby jeanette@tranark.se 0706-261474 Sandra Andersson sandra.andersson@tranark.se 0725-048905 Peter Berggren peter@tranark.se 0725-048903 V\u00e4xel 0140-16250<\/p>\n","protected":false},"author":2,"featured_media":0,"parent":0,"menu_order":0,"comment_status":"closed","ping_status":"closed","template":"","meta":{"footnotes":""},"class_list":["post-15","page","type-page","status-publish","hentry"],"_links":{"self":[{"href":"https:\/\/tranark.se\/index.php\/wp-json\/wp\/v2\/pages\/15","targetHints":{"allow":["GET"]}}],"collection":[{"href":"https:\/\/tranark.se\/index.php\/wp-json\/wp\/v2\/pages"}],"about":[{"href":"https:\/\/tranark.se\/index.php\/wp-json\/wp\/v2\/types\/page"}],"author":[{"embeddable":true,"href":"https:\/\/tranark.se\/index.php\/wp-json\/wp\/v2\/users\/2"}],"replies":[{"embeddable":true,"href":"https:\/\/tranark.se\/index.php\/wp-json\/wp\/v2\/comments?post=15"}],"version-history":[{"count":45,"href":"https:\/\/tranark.se\/index.php\/wp-json\/wp\/v2\/pages\/15\/revisions"}],"predecessor-version":[{"id":121,"href":"https:\/\/tranark.se\/index.php\/wp-json\/wp\/v2\/pages\/15\/revisions\/121"}],"wp:attachment":[{"href":"https:\/\/tranark.se\/index.php\/wp-json\/wp\/v2\/media?parent=15"}],"curies":[{"name":"wp","href":"https:\/\/api.w.org\/{rel}","templated":true}]}}